{"id":1079,"date":"2024-11-12T12:34:21","date_gmt":"2024-11-12T12:34:21","guid":{"rendered":"https:\/\/propagandaspectacle.kcl.ac.uk\/?page_id=1079"},"modified":"2024-12-01T04:16:12","modified_gmt":"2024-12-01T04:16:12","slug":"lar","status":"publish","type":"page","link":"https:\/\/propagandaspectacle.kcl.ac.uk\/pt-br\/","title":{"rendered":"Home"},"content":{"rendered":"        <section class=\"home-banner-sec\">\r\n        <div class=\"home-banner-slider\">\r\n                            <div class=\"home-banner-item\">\r\n                    <div class=\"home-banner-main\">\r\n                                                    <div class=\"home-banner-bg\"\r\n                                style=\"background-image:url('https:\/\/propagandaspectacle.kcl.ac.uk\/wp-content\/uploads\/2024\/11\/hero2.jpg')\">\r\n                                <img decoding=\"async\" src=\"https:\/\/propagandaspectacle.kcl.ac.uk\/wp-content\/uploads\/2024\/11\/hero2.jpg\"\/>\r\n                            <\/div>\r\n                                                <div class=\"main cf\">\r\n                                                            <div class=\"home-banner-content\" data-aos=\"zoom-in-up\" data-aos-delay=\"100\">\r\n                                    <h1>Propaganda-espet\u00e1culo \u00e9 um g\u00eanero de comunica\u00e7\u00e3o persuasiva que assume a forma de um evento pol\u00edtico-performativo.<\/h1>\r\n                                <\/div>\r\n                                                    <\/div>\r\n                    <\/div>\r\n                <\/div>\r\n                            <div class=\"home-banner-item\">\r\n                    <div class=\"home-banner-main\">\r\n                                                    <div class=\"home-banner-bg\"\r\n                                style=\"background-image:url('https:\/\/propagandaspectacle.kcl.ac.uk\/wp-content\/uploads\/2024\/11\/hero-3-1-1-1.jpg')\">\r\n                                <img decoding=\"async\" src=\"https:\/\/propagandaspectacle.kcl.ac.uk\/wp-content\/uploads\/2024\/11\/hero-3-1-1-1.jpg\"\/>\r\n                            <\/div>\r\n                                                <div class=\"main cf\">\r\n                                                            <div class=\"home-banner-content\" data-aos=\"zoom-in-up\" data-aos-delay=\"100\">\r\n                                    <h1>Propaganda-espet\u00e1culo \u00e9 um g\u00eanero de comunica\u00e7\u00e3o persuasiva que assume a forma de um evento pol\u00edtico-performativo.<\/h1>\r\n                                <\/div>\r\n                                                    <\/div>\r\n                    <\/div>\r\n                <\/div>\r\n                            <div class=\"home-banner-item\">\r\n                    <div class=\"home-banner-main\">\r\n                                                    <div class=\"home-banner-bg\"\r\n                                style=\"background-image:url('https:\/\/propagandaspectacle.kcl.ac.uk\/wp-content\/uploads\/2024\/11\/hero4.jpg')\">\r\n                                <img decoding=\"async\" src=\"https:\/\/propagandaspectacle.kcl.ac.uk\/wp-content\/uploads\/2024\/11\/hero4.jpg\"\/>\r\n                            <\/div>\r\n                                                <div class=\"main cf\">\r\n                                                            <div class=\"home-banner-content\" data-aos=\"zoom-in-up\" data-aos-delay=\"100\">\r\n                                    <h1>Propaganda-espet\u00e1culo \u00e9 um g\u00eanero de comunica\u00e7\u00e3o persuasiva que assume a forma de um evento pol\u00edtico-performativo.<\/h1>\r\n                                <\/div>\r\n                                                    <\/div>\r\n                    <\/div>\r\n                <\/div>\r\n                            <div class=\"home-banner-item\">\r\n                    <div class=\"home-banner-main\">\r\n                                                    <div class=\"home-banner-bg\"\r\n                                style=\"background-image:url('https:\/\/propagandaspectacle.kcl.ac.uk\/wp-content\/uploads\/2024\/11\/hero1.jpg')\">\r\n                                <img decoding=\"async\" src=\"https:\/\/propagandaspectacle.kcl.ac.uk\/wp-content\/uploads\/2024\/11\/hero1.jpg\"\/>\r\n                            <\/div>\r\n                                                <div class=\"main cf\">\r\n                                                            <div class=\"home-banner-content\" data-aos=\"zoom-in-up\" data-aos-delay=\"100\">\r\n                                    <h1>Propaganda-espet\u00e1culo \u00e9 um g\u00eanero de comunica\u00e7\u00e3o persuasiva que assume a forma de um evento pol\u00edtico-performativo.<\/h1>\r\n                                <\/div>\r\n                                                    <\/div>\r\n                    <\/div>\r\n                <\/div>\r\n                    <\/div>\r\n    <\/section>\r\n\r\n\n\n\r\n\r\n\r\n\r\n    <section class=\"about-project-sec\">\r\n        <div class=\"about-project-row-main\">\r\n            <div class=\"about-project-row c-row\">\r\n                \r\n                <div class=\"about-project-col c-col about-project-content-col\" data-aos=\"zoom-in-up\" data-aos-delay=\"100\">\r\n                    <div class=\"about-project-col-content\">\r\n                                                    <h2>O projeto<\/h2>\r\n                                                                            <p>Nosso objetivo \u00e9 dar acesso p\u00fablico a documentos at\u00e9 ent\u00e3o desconhecidos e de grande relev\u00e2ncia hist\u00f3rica e cultural: imagens produzidas pelo fot\u00f3grafo americano Allan Fisher (1913-1988) no Brasil nas d\u00e9cadas de 1940 e 1950.<\/p>\n<p>Queremos informar pesquisadores e o p\u00fablico sobre campanhas transnacionais de propaganda politico-ideol\u00f3gica tendo o Brasil como alvo durante a Guerra Fria, e contribuir para o debate sobre os usos contempor\u00e2neos da propaganda pol\u00edtica.<\/p>\n                                                                            <a href=\"https:\/\/propagandaspectacle.kcl.ac.uk\/pt-br\/about\/\" target=\"\" title=\"Read More\" class=\"btn\"> leia mais<\/a>\r\n                                            <\/div>\r\n                <\/div>\r\n                <div class=\"about-project-col c-col about-project-img-col\" data-aos=\"zoom-in-up\" data-aos-delay=\"100\">\r\n                                            <div class=\"about-project-img\"\r\n                            style=\"background-image:url('https:\/\/propagandaspectacle.kcl.ac.uk\/wp-content\/uploads\/2024\/11\/home-about-img.webp')\">\r\n\r\n                        <\/div>\r\n                                    <\/div>\r\n            <\/div>\r\n        <\/div>\r\n    <\/section>\r\n\r\n\n\n\r\n\r\n\r\n\r\n    <section class=\"alan-fisher-sec\">\r\n        <div class=\"alan-fisher-row-main\">\r\n            <div class=\"alan-fisher-row c-row\">\r\n                <div class=\"alan-fisher-col c-col alan-fisher-img-col\" data-aos=\"zoom-in-up\" data-aos-delay=\"100\">\r\n                                            <div class=\"alan-fisher-img\" style=\"background-image:url('https:\/\/propagandaspectacle.kcl.ac.uk\/wp-content\/uploads\/2024\/11\/New-Project.jpg')\">\r\n                        <\/div>\r\n                                    <\/div>\r\n                <div class=\"alan-fisher-col c-col alan-fisher-content-col\" data-aos=\"zoom-in-up\" data-aos-delay=\"100\">\r\n                    <div class=\"alan-fisher-content\">\r\n                                                    <h2>Allan Fisher (1913-1988)<\/h2>\r\n                                                                            <p data-renderer-start-pos=\"5327\">Allan Fisher (1913-1988) come\u00e7ou sua carreira em fotojornalismo em 1934, trabalhando primeiro para o <em data-renderer-mark=\"true\">The New York World Telegram<\/em> e posteriormente para o jornal <em data-renderer-mark=\"true\">PM<\/em>. Em 1942, ele foi convidado por Alexander Murphy, um ex-editor do PM, para trabalhar para o Office of the Coordinator of Inter-American Affairs (OCIAA) documentando a colabora\u00e7\u00e3o entre o Brasil e os Estados Unidos em iniciativas da Pol\u00edtica de Boa Vizinhan\u00e7a. Sua principal fun\u00e7\u00e3o era produzir conte\u00fado sobre o Brasil para a imprensa e o p\u00fablico dos EUA.<\/p>\n<p data-renderer-start-pos=\"5327\">O Brasil havia declarado guerra \u00e0s pot\u00eancias do Eixo em agosto de 1942 e era mais novo aliado dos EUA na Am\u00e9rica do Sul. Enquanto estava no Brasil, Fisher fotografou temas e contextos variados, incluindo n\u00e3o apenas o esfor\u00e7o de guerra, mas tamb\u00e9m a ind\u00fastria, figuras not\u00e1veis \u200b\u200be pol\u00edticos influentes (Schmidt e Fisher, 1989).<\/p>\n<p data-renderer-start-pos=\"6174\">Em 1943, Fisher passou tr\u00eas meses no Chile documentando a ruptura das rela\u00e7\u00f5es com as pot\u00eancias do Eixo e, depois, viajou pela Am\u00e9rica Latina cobrindo a visita do vice-presidente dos EUA, Henry A. Wallace.<\/p>\n<p data-renderer-start-pos=\"6174\">Ele tamb\u00e9m contribuiu para a revista <em data-renderer-mark=\"true\">Em Guarda<\/em> \/ <em data-renderer-mark=\"true\">En Guardia<\/em> (em suas vers\u00f5es em portugu\u00eas e espanhol), produzida pelo OCIAA para disseminar propaganda de guerra na Am\u00e9rica Latina (De Souza, 2012).<\/p>\n                                                                            <a href=\"https:\/\/propagandaspectacle.kcl.ac.uk\/pt-br\/alan-fisher\/\" target=\"\" title=\"Read More\" class=\"btn black-white-btn\"> leia mais<\/a>\r\n                        \r\n                    <\/div>\r\n                <\/div>\r\n            <\/div>\r\n        <\/div>\r\n    <\/section>\r\n\r\n\n\n\n<h2 class=\"wp-block-heading has-text-align-center\">Series fotogr\u00e1ficas<\/h2>\n\n\n\n\n\n\n    <section class=\"two-col-sec\">\n        <div class=\"main cf\">\n            <div class=\"two-col-center-title\">\n<!--                 <h2>Photographic Series<\/h2> -->\n            <\/div>\n            <div class=\"two-col-row c-row\">\n                <div class=\"two-col c-col\">\n                    <div class=\"content\" data-aos=\"zoom-in-up\" data-aos-delay=\"100\">\n                                                    <img decoding=\"async\" src=\"https:\/\/propagandaspectacle.kcl.ac.uk\/wp-content\/uploads\/2024\/11\/BOOK_5_-12_1.webp\"\n                                alt=\"\" \/>\n                                            <\/div>\n                <\/div>\n\n                <div class=\"two-col c-col\">\n                    <div class=\"content\" data-aos=\"zoom-in-up\" data-aos-delay=\"100\">\n                                                    <h2>Filmes do USIE em Alvin\u00f3polis, Brasil<\/h2>\n                                                                            <p>O relat\u00f3rio visual intitulado \u201cUSIE Motion Pictures em Alvin\u00f3polis, Brasil\u201d foi enviado ao Departamento de Estado dos EUA em 15 de agosto de 1950. Essa s\u00e9rie fotogr\u00e1fica foi inclu\u00edda em um memorando escrito por Alan Fisher com o assunto: \u201cMy visit to Farmer\u2019s Week in Alvinopolis, Minas Gerais, July 28-30, 1950\u201d. <\/p>\n                                                                            <a href=\"https:\/\/propagandaspectacle.kcl.ac.uk\/pt-br\/filmes-do-usie-em-alvinopolis-brasil\/\" target=\"\" title=\"Read More\" class=\"btn\">Leia mais<\/a>\n                                            <\/div>\n                <\/div>\n            <\/div>\n        <\/div>\n    <\/section>\n\n\n\n\n\n\n\n    <section class=\"two-col-sec\">\n        <div class=\"main cf\">\n            <div class=\"two-col-center-title\">\n<!--                 <h2>Photographic Series<\/h2> -->\n            <\/div>\n            <div class=\"two-col-row c-row\">\n                <div class=\"two-col c-col\">\n                    <div class=\"content\" data-aos=\"zoom-in-up\" data-aos-delay=\"100\">\n                                                    <img decoding=\"async\" src=\"https:\/\/propagandaspectacle.kcl.ac.uk\/wp-content\/uploads\/2024\/11\/BOOK-3_-13_1.jpg\"\n                                alt=\"\" \/>\n                                            <\/div>\n                <\/div>\n\n                <div class=\"two-col c-col\">\n                    <div class=\"content\" data-aos=\"zoom-in-up\" data-aos-delay=\"100\">\n                                                    <h2>O Brasil rural v\u00ea os filmes do USIS<\/h2>\n                                                                            <p>As fotos desta s\u00e9rie foram tiradas no Munic\u00edpio de S\u00e3o Jos\u00e9 do Vale do Rio Preto (SJVRP), no Estado do Rio de Janeiro, e incluem imagens de trabalhadores rurais em C\u00f3rrego Sujo, uma vila a cerca de 24 quil\u00f4metros (15 milhas) de dist\u00e2ncia da cidade de SJVRP. <\/p>\n                                                                            <a href=\"https:\/\/propagandaspectacle.kcl.ac.uk\/pt-br\/o-brasil-rural-ve-os-filmes-do-usis\/\" target=\"\" title=\"Read More\" class=\"btn\">Leia mais<\/a>\n                                            <\/div>\n                <\/div>\n            <\/div>\n        <\/div>\n    <\/section>\n\n\n\n\n\n\n\n    <section class=\"two-col-sec\">\n        <div class=\"main cf\">\n            <div class=\"two-col-center-title\">\n<!--                 <h2>Photographic Series<\/h2> -->\n            <\/div>\n            <div class=\"two-col-row c-row\">\n                <div class=\"two-col c-col\">\n                    <div class=\"content\" data-aos=\"zoom-in-up\" data-aos-delay=\"100\">\n                                                    <img decoding=\"async\" src=\"https:\/\/propagandaspectacle.kcl.ac.uk\/wp-content\/uploads\/2024\/11\/BOOK_1_-8_1-2.webp\"\n                                alt=\"\" \/>\n                                            <\/div>\n                <\/div>\n\n                <div class=\"two-col c-col\">\n                    <div class=\"content\" data-aos=\"zoom-in-up\" data-aos-delay=\"100\">\n                                                    <h2>Oper\u00e1rios brasileiros veem filmes do USIE<\/h2>\n                                                                            <p>Estas imagens foram tiradas entre janeiro e setembro de 1950 no Rio de Janeiro e em S\u00e3o Paulo como amostras das proje\u00e7\u00f5es organizadas pelo Servi\u00e7o Social da Ind\u00fastria (SESI) usando filmes do USIS\/USIE.<\/p>\n                                                                            <a href=\"https:\/\/propagandaspectacle.kcl.ac.uk\/pt-br\/operarios-brasileiros-veem-filmes-do-usie\/\" target=\"\" title=\"Read More\" class=\"btn\">Leia mais<\/a>\n                                            <\/div>\n                <\/div>\n            <\/div>\n        <\/div>\n    <\/section>\n\n\n\n\n\n\n\n    <section class=\"two-col-sec\">\n        <div class=\"main cf\">\n            <div class=\"two-col-center-title\">\n<!--                 <h2>Photographic Series<\/h2> -->\n            <\/div>\n            <div class=\"two-col-row c-row\">\n                <div class=\"two-col c-col\">\n                    <div class=\"content\" data-aos=\"zoom-in-up\" data-aos-delay=\"100\">\n                                                    <img decoding=\"async\" src=\"https:\/\/propagandaspectacle.kcl.ac.uk\/wp-content\/uploads\/2024\/11\/BOOK_2_-1_1.webp\"\n                                alt=\"\" \/>\n                                            <\/div>\n                <\/div>\n\n                <div class=\"two-col c-col\">\n                    <div class=\"content\" data-aos=\"zoom-in-up\" data-aos-delay=\"100\">\n                                                    <h2>Proje\u00e7\u00f5es de filmes do USIE em escolas p\u00fablicas no Rio de Janeiro<\/h2>\n                                                                            <p>Esse relat\u00f3rio deixa claro que as escolas p\u00fablicas do Rio de Janeiro faziam parte de um programa bem-organizado de exibi\u00e7\u00f5es de filmes da USIE\/USIS em colabora\u00e7\u00e3o com o Departamento de Educa\u00e7\u00e3o tendo como p\u00fablico-alvo filhos de trabalhadores.<\/p>\n                                                                            <a href=\"https:\/\/propagandaspectacle.kcl.ac.uk\/pt-br\/projecoes-de-filmes-do-usie-em-escolas-publicas-no-rio-de-janeiro\/\" target=\"\" title=\"Read More\" class=\"btn\">Leia mais<\/a>\n                                            <\/div>\n                <\/div>\n            <\/div>\n        <\/div>\n    <\/section>\n\n\n\n\n\n\n\n    <section class=\"two-col-sec\">\n        <div class=\"main cf\">\n            <div class=\"two-col-center-title\">\n<!--                 <h2>Photographic Series<\/h2> -->\n            <\/div>\n            <div class=\"two-col-row c-row\">\n                <div class=\"two-col c-col\">\n                    <div class=\"content\" data-aos=\"zoom-in-up\" data-aos-delay=\"100\">\n                                                    <img decoding=\"async\" src=\"https:\/\/propagandaspectacle.kcl.ac.uk\/wp-content\/uploads\/2024\/11\/GCFOTO824_12-1-scaled.jpg\"\n                                alt=\"\" \/>\n                                            <\/div>\n                <\/div>\n\n                <div class=\"two-col c-col\">\n                    <div class=\"content\" data-aos=\"zoom-in-up\" data-aos-delay=\"100\">\n                                                    <h2>outras imagens<\/h2>\n                                                                            <p>Essas imagens foram tiradas por Alan Fisher em 1945 e atualmente fazem parte do acervo Gustavo Capanema no FGV CPDOC. Fisher viajou para a Amaz\u00f4nia para documentar a colabora\u00e7\u00e3o entre o OCIAA e o estado brasileiro em iniciativas de sa\u00fade p\u00fablica por meio do Servi\u00e7o Especial de Sa\u00fade P\u00fablica (SESP). <\/p>\n                                                                            <a href=\"https:\/\/propagandaspectacle.kcl.ac.uk\/pt-br\/outras-imagens\/\" target=\"\" title=\"Read More\" class=\"btn\">Leia mais<\/a>\n                                            <\/div>\n                <\/div>\n            <\/div>\n        <\/div>\n    <\/section>\n\n","protected":false},"excerpt":{"rendered":"<p>Series fotogr\u00e1ficas<\/p>\n","protected":false},"author":2,"featured_media":0,"parent":0,"menu_order":0,"comment_status":"closed","ping_status":"closed","template":"","meta":{"_acf_changed":false,"footnotes":""},"class_list":["post-1079","page","type-page","status-publish","hentry"],"acf":[],"_links":{"self":[{"href":"https:\/\/propagandaspectacle.kcl.ac.uk\/pt-br\/wp-json\/wp\/v2\/pages\/1079","targetHints":{"allow":["GET"]}}],"collection":[{"href":"https:\/\/propagandaspectacle.kcl.ac.uk\/pt-br\/wp-json\/wp\/v2\/pages"}],"about":[{"href":"https:\/\/propagandaspectacle.kcl.ac.uk\/pt-br\/wp-json\/wp\/v2\/types\/page"}],"author":[{"embeddable":true,"href":"https:\/\/propagandaspectacle.kcl.ac.uk\/pt-br\/wp-json\/wp\/v2\/users\/2"}],"replies":[{"embeddable":true,"href":"https:\/\/propagandaspectacle.kcl.ac.uk\/pt-br\/wp-json\/wp\/v2\/comments?post=1079"}],"version-history":[{"count":10,"href":"https:\/\/propagandaspectacle.kcl.ac.uk\/pt-br\/wp-json\/wp\/v2\/pages\/1079\/revisions"}],"predecessor-version":[{"id":1583,"href":"https:\/\/propagandaspectacle.kcl.ac.uk\/pt-br\/wp-json\/wp\/v2\/pages\/1079\/revisions\/1583"}],"wp:attachment":[{"href":"https:\/\/propagandaspectacle.kcl.ac.uk\/pt-br\/wp-json\/wp\/v2\/media?parent=1079"}],"curies":[{"name":"wp","href":"https:\/\/api.w.org\/{rel}","templated":true}]}}