{"id":1139,"date":"2024-11-12T15:28:28","date_gmt":"2024-11-12T15:28:28","guid":{"rendered":"https:\/\/propagandaspectacle.kcl.ac.uk\/?page_id=1139"},"modified":"2024-11-28T12:28:24","modified_gmt":"2024-11-28T12:28:24","slug":"about","status":"publish","type":"page","link":"https:\/\/propagandaspectacle.kcl.ac.uk\/pt-br\/about\/","title":{"rendered":"Sobre"},"content":{"rendered":"        <section class=\"inner-banner-sec\">\r\n                    <div class=\"inner-banner-bg\"\r\n                style=\"background-image:url('https:\/\/propagandaspectacle.kcl.ac.uk\/wp-content\/uploads\/2024\/11\/BOOK-3_-13_1-1.jpg')\">\r\n            <\/div>\r\n        \r\n        <div class=\"main cf\">\r\n            <div class=\"inner-banner-content\" data-aos=\"zoom-in-up\" data-aos-delay=\"200\">\r\n                <h1>O projeto<\/h1>\r\n            <\/div>\r\n        <\/div>\r\n    <\/section>\r\n\n\n\r\n\r\n\r\n\r\n    <section class=\"photo-center-sec cf\">\r\n        <div class=\"photo-center-bg\" data-aos=\"zoom-in-up\" data-aos-delay=\"100\"\r\n            style=\"background-image:url('https:\/\/propagandaspectacle.kcl.ac.uk\/wp-content\/uploads\/2024\/11\/BOOK_1_-8_1-2.webp')\">\r\n            <div class=\"main cf\">\r\n                <div class=\"inner-photo-center\">\r\n                                <div class=\"photo-center-content\">\r\n                    <p>Nosso objetivo \u00e9 dar acesso p\u00fablico a documentos at\u00e9 ent\u00e3o desconhecidos e de grande relev\u00e2ncia hist\u00f3rica e cultural: imagens produzidas pelo fot\u00f3grafo americano Allan Fisher (1913-1988) no Brasil nas d\u00e9cadas de 1940 e 1950. <\/p>\n<p>Queremos informar pesquisadores e o p\u00fablico sobre campanhas transnacionais de propaganda politico-ideol\u00f3gica tendo o Brasil como alvo durante a Guerra Fria, e contribuir para o debate sobre os usos contempor\u00e2neos da propaganda pol\u00edtica.<\/p>\n<p>Algumas dessas imagens est\u00e3o sendo exibidas ao p\u00fablico pela primeira vez. <\/p>\n<p>Elas documentam proje\u00e7\u00f5es itinerantes de cinejornais, filmes educacionais e desenhos animados com conte\u00fado ideol\u00f3gico, levadas a escolas, f\u00e1bricas e comunidades rurais no Brasil por unidades m\u00f3veis do Servi\u00e7o de Informa\u00e7\u00e3o dos EUA (USIS). <\/p>\n<p>As fotos de Fisher capturam as rea\u00e7\u00f5es do p\u00fablico e oferecem uma vis\u00e3o est\u00e9tica ambiciosa da recep\u00e7\u00e3o desses espet\u00e1culos de propaganda ideol\u00f3gica. <\/p>\n<p>Elas tamb\u00e9m revelam o envolvimento de autoridades e institui\u00e7\u00f5es brasileiras nessas campanhas no in\u00edcio da d\u00e9cada de 1950. <\/p>\n<p>Este site tamb\u00e9m disponibiliza ao p\u00fablico fotos tiradas por Fisher anteriormente &#8211; durante a Segunda Guerra Mundial &#8211; documentando a colabora\u00e7\u00e3o entre o Office of the Coordinator of Inter-American Affairs (OCIAA) e o governo brasileiro como parte da Pol\u00edtica da Boa Vizinhan\u00e7a dos EUA.<\/p>\n                <\/div>\r\n                <\/div>\r\n            <\/div>\r\n        <\/div>\r\n    <\/section>\r\n\r\n\n\n\n\n\n\n    <section class=\"two-col-sec\">\n        <div class=\"main cf\">\n            <div class=\"two-col-center-title\">\n<!--                 <h2>Photographic Series<\/h2> -->\n            <\/div>\n            <div class=\"two-col-row c-row\">\n                <div class=\"two-col c-col\">\n                    <div class=\"content\" data-aos=\"zoom-in-up\" data-aos-delay=\"100\">\n                                                    <img decoding=\"async\" src=\"https:\/\/propagandaspectacle.kcl.ac.uk\/wp-content\/uploads\/2024\/11\/GCFOTO825_17-scaled.jpg\"\n                                alt=\"\" \/>\n                                            <\/div>\n                <\/div>\n\n                <div class=\"two-col c-col\">\n                    <div class=\"content\" data-aos=\"zoom-in-up\" data-aos-delay=\"100\">\n                                                    <h2>Sobre as fotos de Fisher<\/h2>\n                                                                            <p>Distante das concep\u00e7\u00f5es reducionistas que apresentam pr\u00e1ticas de propaganda ideol\u00f3gica como sin\u00f4nimo de mentiras e manipula\u00e7\u00e3o de informa\u00e7\u00f5es, as fotos de Fisher retratam campanhas psicol\u00f3gicas concebidas para entreter, \u201ceducar\u201d e sutilmente gerenciar a percep\u00e7\u00e3o do p\u00fablico sobre temas dom\u00e9sticos e geopol\u00edticos.<\/p>\n<p>As imagens neste site foram gentilmente disponibilizadas pelo Arquivo Alan Fisher, uma cole\u00e7\u00e3o particular administrada pelos herdeiros de Fisher, e pela Escola de Ci\u00eancias Sociais FGV CPDOC, Brasil (cole\u00e7\u00e3o Gustavo Capanema). <\/p>\n<p>Elas s\u00e3o o resultado de uma colabora\u00e7\u00e3o internacional entre o King&#8217;s College London, o Arquivo Alan Fisher e a Escola de Ci\u00eancias Sociais FGV CPDOC, financiada pela KCL-AHRC Impact Acceleration Account.<\/p>\n                                                                    <\/div>\n                <\/div>\n            <\/div>\n        <\/div>\n    <\/section>\n\n\n\n\n<h2 class=\"wp-block-heading has-text-align-center\">Series fotogr\u00e1ficas<\/h2>\n\n\n\n\n\n\n    <section class=\"two-col-sec\">\n        <div class=\"main cf\">\n            <div class=\"two-col-center-title\">\n<!--                 <h2>Photographic Series<\/h2> -->\n            <\/div>\n            <div class=\"two-col-row c-row\">\n                <div class=\"two-col c-col\">\n                    <div class=\"content\" data-aos=\"zoom-in-up\" data-aos-delay=\"100\">\n                                                    <img decoding=\"async\" src=\"https:\/\/propagandaspectacle.kcl.ac.uk\/wp-content\/uploads\/2024\/11\/BOOK_5_-12_1.webp\"\n                                alt=\"\" \/>\n                                            <\/div>\n                <\/div>\n\n                <div class=\"two-col c-col\">\n                    <div class=\"content\" data-aos=\"zoom-in-up\" data-aos-delay=\"100\">\n                                                    <h2>Filmes do USIE em Alvin\u00f3polis, Brasil<\/h2>\n                                                                            <p>O relat\u00f3rio visual intitulado \u201cUSIE Motion Pictures em Alvin\u00f3polis, Brasil\u201d foi enviado ao Departamento de Estado dos EUA em 15 de agosto de 1950. Essa s\u00e9rie fotogr\u00e1fica foi inclu\u00edda em um memorando escrito por Alan Fisher com o assunto: \u201cMy visit to Farmer\u2019s Week in Alvinopolis, Minas Gerais, July 28-30, 1950\u201d. <\/p>\n                                                                            <a href=\"https:\/\/propagandaspectacle.kcl.ac.uk\/pt-br\/filmes-do-usie-em-alvinopolis-brasil\/\" target=\"\" title=\"Read More\" class=\"btn\">Leia mais<\/a>\n                                            <\/div>\n                <\/div>\n            <\/div>\n        <\/div>\n    <\/section>\n\n\n\n\n\n\n\n    <section class=\"two-col-sec\">\n        <div class=\"main cf\">\n            <div class=\"two-col-center-title\">\n<!--                 <h2>Photographic Series<\/h2> -->\n            <\/div>\n            <div class=\"two-col-row c-row\">\n                <div class=\"two-col c-col\">\n                    <div class=\"content\" data-aos=\"zoom-in-up\" data-aos-delay=\"100\">\n                                                    <img decoding=\"async\" src=\"https:\/\/propagandaspectacle.kcl.ac.uk\/wp-content\/uploads\/2024\/11\/BOOK-3_-13_1.jpg\"\n                                alt=\"\" \/>\n                                            <\/div>\n                <\/div>\n\n                <div class=\"two-col c-col\">\n                    <div class=\"content\" data-aos=\"zoom-in-up\" data-aos-delay=\"100\">\n                                                    <h2>O Brasil rural v\u00ea os filmes do USIS<\/h2>\n                                                                            <p>As fotos desta s\u00e9rie foram tiradas no Munic\u00edpio de S\u00e3o Jos\u00e9 do Vale do Rio Preto (SJVRP), no Estado do Rio de Janeiro, e incluem imagens de trabalhadores rurais em C\u00f3rrego Sujo, uma vila a cerca de 24 quil\u00f4metros (15 milhas) de dist\u00e2ncia da cidade de SJVRP. <\/p>\n                                                                            <a href=\"https:\/\/propagandaspectacle.kcl.ac.uk\/pt-br\/o-brasil-rural-ve-os-filmes-do-usis\/\" target=\"\" title=\"Read More\" class=\"btn\">Leia mais<\/a>\n                                            <\/div>\n                <\/div>\n            <\/div>\n        <\/div>\n    <\/section>\n\n\n\n\n\n\n\n    <section class=\"two-col-sec\">\n        <div class=\"main cf\">\n            <div class=\"two-col-center-title\">\n<!--                 <h2>Photographic Series<\/h2> -->\n            <\/div>\n            <div class=\"two-col-row c-row\">\n                <div class=\"two-col c-col\">\n                    <div class=\"content\" data-aos=\"zoom-in-up\" data-aos-delay=\"100\">\n                                                    <img decoding=\"async\" src=\"https:\/\/propagandaspectacle.kcl.ac.uk\/wp-content\/uploads\/2024\/11\/BOOK_1_-8_1-2.webp\"\n                                alt=\"\" \/>\n                                            <\/div>\n                <\/div>\n\n                <div class=\"two-col c-col\">\n                    <div class=\"content\" data-aos=\"zoom-in-up\" data-aos-delay=\"100\">\n                                                    <h2>Oper\u00e1rios brasileiros veem filmes do USIE<\/h2>\n                                                                            <p>Estas imagens foram tiradas entre janeiro e setembro de 1950 no Rio de Janeiro e em S\u00e3o Paulo como amostras das proje\u00e7\u00f5es organizadas pelo Servi\u00e7o Social da Ind\u00fastria (SESI) usando filmes do USIS\/USIE.<\/p>\n                                                                            <a href=\"https:\/\/propagandaspectacle.kcl.ac.uk\/pt-br\/operarios-brasileiros-veem-filmes-do-usie\/\" target=\"\" title=\"Read More\" class=\"btn\">Leia mais<\/a>\n                                            <\/div>\n                <\/div>\n            <\/div>\n        <\/div>\n    <\/section>\n\n\n\n\n\n\n\n    <section class=\"two-col-sec\">\n        <div class=\"main cf\">\n            <div class=\"two-col-center-title\">\n<!--                 <h2>Photographic Series<\/h2> -->\n            <\/div>\n            <div class=\"two-col-row c-row\">\n                <div class=\"two-col c-col\">\n                    <div class=\"content\" data-aos=\"zoom-in-up\" data-aos-delay=\"100\">\n                                                    <img decoding=\"async\" src=\"https:\/\/propagandaspectacle.kcl.ac.uk\/wp-content\/uploads\/2024\/11\/BOOK_2_-1_1.webp\"\n                                alt=\"\" \/>\n                                            <\/div>\n                <\/div>\n\n                <div class=\"two-col c-col\">\n                    <div class=\"content\" data-aos=\"zoom-in-up\" data-aos-delay=\"100\">\n                                                    <h2>Proje\u00e7\u00f5es de filmes do USIE em escolas p\u00fablicas no Rio de Janeiro<\/h2>\n                                                                            <p>Esse relat\u00f3rio deixa claro que as escolas p\u00fablicas do Rio de Janeiro faziam parte de um programa bem-organizado de exibi\u00e7\u00f5es de filmes da USIE\/USIS em colabora\u00e7\u00e3o com o Departamento de Educa\u00e7\u00e3o tendo como p\u00fablico-alvo filhos de trabalhadores.<\/p>\n                                                                            <a href=\"https:\/\/propagandaspectacle.kcl.ac.uk\/pt-br\/projecoes-de-filmes-do-usie-em-escolas-publicas-no-rio-de-janeiro\/\" target=\"\" title=\"Read More\" class=\"btn\">Leia mais<\/a>\n                                            <\/div>\n                <\/div>\n            <\/div>\n        <\/div>\n    <\/section>\n\n\n\n\n\n\n\n    <section class=\"two-col-sec\">\n        <div class=\"main cf\">\n            <div class=\"two-col-center-title\">\n<!--                 <h2>Photographic Series<\/h2> -->\n            <\/div>\n            <div class=\"two-col-row c-row\">\n                <div class=\"two-col c-col\">\n                    <div class=\"content\" data-aos=\"zoom-in-up\" data-aos-delay=\"100\">\n                                                    <img decoding=\"async\" src=\"https:\/\/propagandaspectacle.kcl.ac.uk\/wp-content\/uploads\/2024\/11\/GCFOTO824_12-1-scaled.jpg\"\n                                alt=\"\" \/>\n                                            <\/div>\n                <\/div>\n\n                <div class=\"two-col c-col\">\n                    <div class=\"content\" data-aos=\"zoom-in-up\" data-aos-delay=\"100\">\n                                                    <h2>outras imagens<\/h2>\n                                                                            <p>Essas imagens foram tiradas por Alan Fisher em 1945 e atualmente fazem parte do acervo Gustavo Capanema no FGV CPDOC. Fisher viajou para a Amaz\u00f4nia para documentar a colabora\u00e7\u00e3o entre o OCIAA e o estado brasileiro em iniciativas de sa\u00fade p\u00fablica por meio do Servi\u00e7o Especial de Sa\u00fade P\u00fablica (SESP). <\/p>\n                                                                            <a href=\"https:\/\/propagandaspectacle.kcl.ac.uk\/pt-br\/outras-imagens\/\" target=\"\" title=\"Read More\" class=\"btn\">Leia mais<\/a>\n                                            <\/div>\n                <\/div>\n            <\/div>\n        <\/div>\n    <\/section>\n\n","protected":false},"excerpt":{"rendered":"<p>Series fotogr\u00e1ficas<\/p>\n","protected":false},"author":2,"featured_media":0,"parent":0,"menu_order":0,"comment_status":"closed","ping_status":"closed","template":"","meta":{"_acf_changed":false,"footnotes":""},"class_list":["post-1139","page","type-page","status-publish","hentry"],"acf":[],"_links":{"self":[{"href":"https:\/\/propagandaspectacle.kcl.ac.uk\/pt-br\/wp-json\/wp\/v2\/pages\/1139","targetHints":{"allow":["GET"]}}],"collection":[{"href":"https:\/\/propagandaspectacle.kcl.ac.uk\/pt-br\/wp-json\/wp\/v2\/pages"}],"about":[{"href":"https:\/\/propagandaspectacle.kcl.ac.uk\/pt-br\/wp-json\/wp\/v2\/types\/page"}],"author":[{"embeddable":true,"href":"https:\/\/propagandaspectacle.kcl.ac.uk\/pt-br\/wp-json\/wp\/v2\/users\/2"}],"replies":[{"embeddable":true,"href":"https:\/\/propagandaspectacle.kcl.ac.uk\/pt-br\/wp-json\/wp\/v2\/comments?post=1139"}],"version-history":[{"count":7,"href":"https:\/\/propagandaspectacle.kcl.ac.uk\/pt-br\/wp-json\/wp\/v2\/pages\/1139\/revisions"}],"predecessor-version":[{"id":1579,"href":"https:\/\/propagandaspectacle.kcl.ac.uk\/pt-br\/wp-json\/wp\/v2\/pages\/1139\/revisions\/1579"}],"wp:attachment":[{"href":"https:\/\/propagandaspectacle.kcl.ac.uk\/pt-br\/wp-json\/wp\/v2\/media?parent=1139"}],"curies":[{"name":"wp","href":"https:\/\/api.w.org\/{rel}","templated":true}]}}