{"id":1201,"date":"2024-11-12T12:35:09","date_gmt":"2024-11-12T12:35:09","guid":{"rendered":"https:\/\/propagandaspectacle.kcl.ac.uk\/?page_id=1201"},"modified":"2024-11-27T11:04:24","modified_gmt":"2024-11-27T11:04:24","slug":"series-fotograficas","status":"publish","type":"page","link":"https:\/\/propagandaspectacle.kcl.ac.uk\/pt-br\/series-fotograficas\/","title":{"rendered":"Series fotogr\u00e1ficas"},"content":{"rendered":"        <section class=\"inner-banner-sec\">\r\n                    <div class=\"inner-banner-bg\"\r\n                style=\"background-image:url('https:\/\/propagandaspectacle.kcl.ac.uk\/wp-content\/uploads\/2024\/11\/photo-center-img-1.webp')\">\r\n            <\/div>\r\n        \r\n        <div class=\"main cf\">\r\n            <div class=\"inner-banner-content\" data-aos=\"zoom-in-up\" data-aos-delay=\"200\">\r\n                <h1>Series fotogr\u00e1ficas<\/h1>\r\n            <\/div>\r\n        <\/div>\r\n    <\/section>\r\n\n\n\r\n\r\n\r\n\r\n    <section class=\"photo-center-sec cf\">\r\n        <div class=\"photo-center-bg\" data-aos=\"zoom-in-up\" data-aos-delay=\"100\"\r\n            style=\"background-image:url('https:\/\/propagandaspectacle.kcl.ac.uk\/wp-content\/uploads\/2024\/11\/hero-3-1-1.jpg')\">\r\n            <div class=\"main cf\">\r\n                <div class=\"inner-photo-center\">\r\n                                    <div class=\"photo-center-img\" >\r\n                        <img decoding=\"async\" src=\"https:\/\/propagandaspectacle.kcl.ac.uk\/wp-content\/uploads\/2024\/11\/photo-center-img-1.webp\" alt=\"\" \/>\r\n                    <\/div>\r\n                                <div class=\"photo-center-content\">\r\n                    <p>Chama aten\u00e7\u00e3o, nas fotografias de Allan Fisher, tanto nas depositadas no CPDOC quanto em seu acervo pessoal, a aus\u00eancia de identifica\u00e7\u00e3o dos personagens retratados. <\/p>\n<p>Salvo abordagens raras, em que autoridades locais ou nacionais s\u00e3o nomeadas, as trabalhadoras e trabalhadores que aparecem nas imagens permanecem an\u00f4nimos. <\/p>\n<p>Esse anonimato, comum em registros documentais da \u00e9poca, levanta quest\u00f5es sobre os limites da representa\u00e7\u00e3o e as rela\u00e7\u00f5es de poder que configuram o ato fotogr\u00e1fico.  <\/p>\n                <\/div>\r\n                <\/div>\r\n            <\/div>\r\n        <\/div>\r\n    <\/section>\r\n\r\n\n\n\n\n\n\n    <section class=\"two-col-sec\">\n        <div class=\"main cf\">\n            <div class=\"two-col-center-title\">\n<!--                 <h2>Photographic Series<\/h2> -->\n            <\/div>\n            <div class=\"two-col-row c-row\">\n                <div class=\"two-col c-col\">\n                    <div class=\"content\" data-aos=\"zoom-in-up\" data-aos-delay=\"100\">\n                                                    <img decoding=\"async\" src=\"https:\/\/propagandaspectacle.kcl.ac.uk\/wp-content\/uploads\/2024\/11\/BOOK_5_-12_1.webp\"\n                                alt=\"\" \/>\n                                            <\/div>\n                <\/div>\n\n                <div class=\"two-col c-col\">\n                    <div class=\"content\" data-aos=\"zoom-in-up\" data-aos-delay=\"100\">\n                                                    <h2>Filmes do USIE em Alvin\u00f3polis, Brasil<\/h2>\n                                                                            <p>O relat\u00f3rio visual intitulado \u201cUSIE Motion Pictures em Alvin\u00f3polis, Brasil\u201d foi enviado ao Departamento de Estado dos EUA em 15 de agosto de 1950. Essa s\u00e9rie fotogr\u00e1fica foi inclu\u00edda em um memorando escrito por Alan Fisher com o assunto: \u201cMy visit to Farmer\u2019s Week in Alvinopolis, Minas Gerais, July 28-30, 1950\u201d. <\/p>\n                                                                            <a href=\"https:\/\/propagandaspectacle.kcl.ac.uk\/pt-br\/filmes-do-usie-em-alvinopolis-brasil\/\" target=\"\" title=\"Read More\" class=\"btn\">Leia mais<\/a>\n                                            <\/div>\n                <\/div>\n            <\/div>\n        <\/div>\n    <\/section>\n\n\n\n\n\n\n\n    <section class=\"two-col-sec\">\n        <div class=\"main cf\">\n            <div class=\"two-col-center-title\">\n<!--                 <h2>Photographic Series<\/h2> -->\n            <\/div>\n            <div class=\"two-col-row c-row\">\n                <div class=\"two-col c-col\">\n                    <div class=\"content\" data-aos=\"zoom-in-up\" data-aos-delay=\"100\">\n                                                    <img decoding=\"async\" src=\"https:\/\/propagandaspectacle.kcl.ac.uk\/wp-content\/uploads\/2024\/11\/BOOK-3_-13_1.jpg\"\n                                alt=\"\" \/>\n                                            <\/div>\n                <\/div>\n\n                <div class=\"two-col c-col\">\n                    <div class=\"content\" data-aos=\"zoom-in-up\" data-aos-delay=\"100\">\n                                                    <h2>O Brasil rural v\u00ea os filmes do USIS<\/h2>\n                                                                            <p>As fotos desta s\u00e9rie foram tiradas no Munic\u00edpio de S\u00e3o Jos\u00e9 do Vale do Rio Preto (SJVRP), no Estado do Rio de Janeiro, e incluem imagens de trabalhadores rurais em C\u00f3rrego Sujo, uma vila a cerca de 24 quil\u00f4metros (15 milhas) de dist\u00e2ncia da cidade de SJVRP. <\/p>\n                                                                            <a href=\"https:\/\/propagandaspectacle.kcl.ac.uk\/pt-br\/o-brasil-rural-ve-os-filmes-do-usis\/\" target=\"\" title=\"Read More\" class=\"btn\">Leia mais<\/a>\n                                            <\/div>\n                <\/div>\n            <\/div>\n        <\/div>\n    <\/section>\n\n\n\n\n\n\n\n    <section class=\"two-col-sec\">\n        <div class=\"main cf\">\n            <div class=\"two-col-center-title\">\n<!--                 <h2>Photographic Series<\/h2> -->\n            <\/div>\n            <div class=\"two-col-row c-row\">\n                <div class=\"two-col c-col\">\n                    <div class=\"content\" data-aos=\"zoom-in-up\" data-aos-delay=\"100\">\n                                                    <img decoding=\"async\" src=\"https:\/\/propagandaspectacle.kcl.ac.uk\/wp-content\/uploads\/2024\/11\/BOOK_1_-8_1-2.webp\"\n                                alt=\"\" \/>\n                                            <\/div>\n                <\/div>\n\n                <div class=\"two-col c-col\">\n                    <div class=\"content\" data-aos=\"zoom-in-up\" data-aos-delay=\"100\">\n                                                    <h2>Oper\u00e1rios brasileiros veem filmes do USIE<\/h2>\n                                                                            <p>Estas imagens foram tiradas entre janeiro e setembro de 1950 no Rio de Janeiro e em S\u00e3o Paulo como amostras das proje\u00e7\u00f5es organizadas pelo Servi\u00e7o Social da Ind\u00fastria (SESI) usando filmes do USIS\/USIE.<\/p>\n                                                                            <a href=\"https:\/\/propagandaspectacle.kcl.ac.uk\/pt-br\/operarios-brasileiros-veem-filmes-do-usie\/\" target=\"\" title=\"Read More\" class=\"btn\">Leia mais<\/a>\n                                            <\/div>\n                <\/div>\n            <\/div>\n        <\/div>\n    <\/section>\n\n\n\n\n\n\n\n    <section class=\"two-col-sec\">\n        <div class=\"main cf\">\n            <div class=\"two-col-center-title\">\n<!--                 <h2>Photographic Series<\/h2> -->\n            <\/div>\n            <div class=\"two-col-row c-row\">\n                <div class=\"two-col c-col\">\n                    <div class=\"content\" data-aos=\"zoom-in-up\" data-aos-delay=\"100\">\n                                                    <img decoding=\"async\" src=\"https:\/\/propagandaspectacle.kcl.ac.uk\/wp-content\/uploads\/2024\/11\/BOOK_2_-1_1.webp\"\n                                alt=\"\" \/>\n                                            <\/div>\n                <\/div>\n\n                <div class=\"two-col c-col\">\n                    <div class=\"content\" data-aos=\"zoom-in-up\" data-aos-delay=\"100\">\n                                                    <h2>Proje\u00e7\u00f5es de filmes do USIE em escolas p\u00fablicas no Rio de Janeiro<\/h2>\n                                                                            <p>Esse relat\u00f3rio deixa claro que as escolas p\u00fablicas do Rio de Janeiro faziam parte de um programa bem-organizado de exibi\u00e7\u00f5es de filmes da USIE\/USIS em colabora\u00e7\u00e3o com o Departamento de Educa\u00e7\u00e3o tendo como p\u00fablico-alvo filhos de trabalhadores.<\/p>\n                                                                            <a href=\"https:\/\/propagandaspectacle.kcl.ac.uk\/pt-br\/projecoes-de-filmes-do-usie-em-escolas-publicas-no-rio-de-janeiro\/\" target=\"\" title=\"Read More\" class=\"btn\">Leia mais<\/a>\n                                            <\/div>\n                <\/div>\n            <\/div>\n        <\/div>\n    <\/section>\n\n\n\n\n\n\n\n    <section class=\"two-col-sec\">\n        <div class=\"main cf\">\n            <div class=\"two-col-center-title\">\n<!--                 <h2>Photographic Series<\/h2> -->\n            <\/div>\n            <div class=\"two-col-row c-row\">\n                <div class=\"two-col c-col\">\n                    <div class=\"content\" data-aos=\"zoom-in-up\" data-aos-delay=\"100\">\n                                                    <img decoding=\"async\" src=\"https:\/\/propagandaspectacle.kcl.ac.uk\/wp-content\/uploads\/2024\/11\/GCFOTO824_12-1-scaled.jpg\"\n                                alt=\"\" \/>\n                                            <\/div>\n                <\/div>\n\n                <div class=\"two-col c-col\">\n                    <div class=\"content\" data-aos=\"zoom-in-up\" data-aos-delay=\"100\">\n                                                    <h2>outras imagens<\/h2>\n                                                                            <p>Essas imagens foram tiradas por Alan Fisher em 1945 e atualmente fazem parte do acervo Gustavo Capanema no FGV CPDOC. Fisher viajou para a Amaz\u00f4nia para documentar a colabora\u00e7\u00e3o entre o OCIAA e o estado brasileiro em iniciativas de sa\u00fade p\u00fablica por meio do Servi\u00e7o Especial de Sa\u00fade P\u00fablica (SESP). <\/p>\n                                                                            <a href=\"https:\/\/propagandaspectacle.kcl.ac.uk\/pt-br\/outras-imagens\/\" target=\"\" title=\"Read More\" class=\"btn\">Leia mais<\/a>\n                                            <\/div>\n                <\/div>\n            <\/div>\n        <\/div>\n    <\/section>\n\n","protected":false},"excerpt":{"rendered":"","protected":false},"author":2,"featured_media":0,"parent":0,"menu_order":0,"comment_status":"closed","ping_status":"closed","template":"","meta":{"_acf_changed":false,"footnotes":""},"class_list":["post-1201","page","type-page","status-publish","hentry"],"acf":[],"_links":{"self":[{"href":"https:\/\/propagandaspectacle.kcl.ac.uk\/pt-br\/wp-json\/wp\/v2\/pages\/1201","targetHints":{"allow":["GET"]}}],"collection":[{"href":"https:\/\/propagandaspectacle.kcl.ac.uk\/pt-br\/wp-json\/wp\/v2\/pages"}],"about":[{"href":"https:\/\/propagandaspectacle.kcl.ac.uk\/pt-br\/wp-json\/wp\/v2\/types\/page"}],"author":[{"embeddable":true,"href":"https:\/\/propagandaspectacle.kcl.ac.uk\/pt-br\/wp-json\/wp\/v2\/users\/2"}],"replies":[{"embeddable":true,"href":"https:\/\/propagandaspectacle.kcl.ac.uk\/pt-br\/wp-json\/wp\/v2\/comments?post=1201"}],"version-history":[{"count":8,"href":"https:\/\/propagandaspectacle.kcl.ac.uk\/pt-br\/wp-json\/wp\/v2\/pages\/1201\/revisions"}],"predecessor-version":[{"id":1529,"href":"https:\/\/propagandaspectacle.kcl.ac.uk\/pt-br\/wp-json\/wp\/v2\/pages\/1201\/revisions\/1529"}],"wp:attachment":[{"href":"https:\/\/propagandaspectacle.kcl.ac.uk\/pt-br\/wp-json\/wp\/v2\/media?parent=1201"}],"curies":[{"name":"wp","href":"https:\/\/api.w.org\/{rel}","templated":true}]}}